{"id":61589,"date":"2016-10-16T06:45:39","date_gmt":"2016-10-16T10:45:39","guid":{"rendered":"https:\/\/leonin.ca\/accueil\/"},"modified":"2026-01-08T09:30:01","modified_gmt":"2026-01-08T14:30:01","slug":"accueil","status":"publish","type":"page","link":"https:\/\/leonin.ca\/en\/","title":{"rendered":"Home"},"content":{"rendered":"<div class=\"wpb-content-wrapper\"><p>[vc_row full_height=&#8221;yes&#8221; bg_type=&#8221;image&#8221; parallax_style=&#8221;vcpb-vz-jquery&#8221; bg_image_new=&#8221;id^59385|url^https:\/\/leonin.ca\/wp-content\/uploads\/2024\/04\/Montreal-01.png|caption^null|alt^null|title^Montreal-01|description^null&#8221; bg_image_repeat=&#8221;no-repeat&#8221; bg_override=&#8221;full&#8221; enable_overlay=&#8221;enable_overlay_value&#8221; overlay_color=&#8221;rgba(0,0,0,0.6)&#8221; overlay_pattern=&#8221;transperant&#8221; type=&#8221;vc_default&#8221; css=&#8221;.vc_custom_1714243665138{padding-top: 90px !important;padding-bottom: 90px !important;background-color: #000000 !important;}&#8221;][vc_column]<div id=\"ultimate-heading-410669f0b41392055\" class=\"uvc-heading ult-adjust-bottom-margin ultimate-heading-410669f0b41392055 uvc-7567 accent-title-color\" data-hspacer=\"no_spacer\"  data-halign=\"center\" style=\"text-align:center\"><div class=\"uvc-heading-spacer no_spacer\" style=\"top\"><\/div><div class=\"uvc-main-heading ult-responsive\"  data-ultimate-target='.uvc-heading.ultimate-heading-410669f0b41392055 h2'  data-responsive-json-new='{\"font-size\":\"desktop:48px;tablet:44px;tablet_portrait:38px;mobile_landscape:30px;\",\"line-height\":\"desktop:58px;tablet:54px;tablet_portrait:48px;mobile_landscape:40px;\"}' ><h2 style=\"--font-weight:theme;margin-bottom:15px;\">Bonjour! Welcome to<\/h2><\/div><\/div><div id=\"ultimate-heading-756769f0b41392117\" class=\"uvc-heading ult-adjust-bottom-margin ultimate-heading-756769f0b41392117 uvc-2892 \" data-hspacer=\"no_spacer\"  data-halign=\"center\" style=\"text-align:center\"><div class=\"uvc-heading-spacer no_spacer\" style=\"top\"><\/div><div class=\"uvc-main-heading ult-responsive\"  data-ultimate-target='.uvc-heading.ultimate-heading-756769f0b41392117 h2'  data-responsive-json-new='{\"font-size\":\"desktop:162px;tablet:150px;tablet_portrait:130px;mobile_landscape:50px;mobile:50px;\",\"line-height\":\"desktop:172px;tablet:160px;tablet_portrait:140px;mobile_landscape:110px;\"}' ><h2 style=\"font-weight:bold;color:#ffffff;margin-bottom:0px;\">LEONIN.CA<\/h2><\/div><\/div><div id=\"ultimate-heading-241769f0b4139218d\" class=\"uvc-heading ult-adjust-bottom-margin ultimate-heading-241769f0b4139218d uvc-5258  uvc-heading-default-font-sizes\" data-hspacer=\"no_spacer\"  data-halign=\"center\" style=\"text-align:center\"><div class=\"uvc-heading-spacer no_spacer\" style=\"top\"><\/div><div class=\"uvc-sub-heading ult-responsive\"  data-ultimate-target='.uvc-heading.ultimate-heading-241769f0b4139218d .uvc-sub-heading '  data-responsive-json-new='{\"font-size\":\"desktop:26px;tablet_portrait:24px;mobile_landscape:20px;\",\"line-height\":\"desktop:38px;tablet_portrait:36px;mobile_landscape:32px;\"}'  style=\"font-weight:normal;color:#ffffff;\">A Quebec-based social enterprise managed by Fran\u00e7ois Savard<\/div><\/div><div class=\"ult-spacer spacer-69f0b413921e3\" data-id=\"69f0b413921e3\" data-height=\"120\" data-height-mobile=\"120\" data-height-tab=\"120\" data-height-tab-portrait=\"\" data-height-mobile-landscape=\"10\" style=\"clear:both;display:block;\"><\/div>[\/vc_column][\/vc_row][vc_row css=&#8221;.vc_custom_1714263018903{background-color: #ffffff !important;}&#8221;][vc_column]<div class=\"ult-spacer spacer-69f0b41392224\" data-id=\"69f0b41392224\" data-height=\"30\" data-height-mobile=\"30\" data-height-tab=\"30\" data-height-tab-portrait=\"\" data-height-mobile-landscape=\"10\" style=\"clear:both;display:block;\"><\/div>[vc_row_inner][vc_column_inner width=&#8221;1\/2&#8243;]<style type=\"text\/css\" data-type=\"the7_shortcodes-inline-css\">.shortcode-single-image-wrap.shortcode-single-image-8ce636bbd0f7da2c7e2a7c12bd08dfbe.enable-bg-rollover .rollover i,\n.shortcode-single-image-wrap.shortcode-single-image-8ce636bbd0f7da2c7e2a7c12bd08dfbe.enable-bg-rollover .rollover-video i {\n  background: -webkit-linear-gradient();\n  background: linear-gradient();\n}\n.shortcode-single-image-wrap.shortcode-single-image-8ce636bbd0f7da2c7e2a7c12bd08dfbe .rollover-icon {\n  font-size: 32px;\n  color: #ffffff;\n  min-width: 44px;\n  min-height: 44px;\n  line-height: 44px;\n  border-radius: 100px;\n  border-style: solid;\n  border-width: 0px;\n}\n.dt-icon-bg-on.shortcode-single-image-wrap.shortcode-single-image-8ce636bbd0f7da2c7e2a7c12bd08dfbe .rollover-icon {\n  background: rgba(255,255,255,0.3);\n  box-shadow: none;\n}<\/style><div class=\"shortcode-single-image-wrap shortcode-single-image-8ce636bbd0f7da2c7e2a7c12bd08dfbe alignnone  enable-bg-rollover dt-icon-bg-off\" style=\"margin-top:0px; margin-bottom:0px; margin-left:0px; margin-right:0px; width:500px;\" data-pretty-share=\"linkedin,facebook,twitter,whatsapp\"><div class=\"shortcode-single-image\"><div class=\"fancy-media-wrap  layzr-bg\" style=\"\"><img fetchpriority=\"high\" decoding=\"async\" class=\"preload-me lazy-load aspect\" src=\"data:image\/svg+xml,%3Csvg%20xmlns%3D&#39;http%3A%2F%2Fwww.w3.org%2F2000%2Fsvg&#39;%20viewBox%3D&#39;0%200%20500%20502&#39;%2F%3E\" data-src=\"https:\/\/leonin.ca\/wp-content\/uploads\/2024\/04\/Deux-image-2-500x502.png\" data-srcset=\"https:\/\/leonin.ca\/wp-content\/uploads\/2024\/04\/Deux-image-2-500x502.png 500w, https:\/\/leonin.ca\/wp-content\/uploads\/2024\/04\/Deux-image-2.png 543w\" loading=\"eager\" sizes=\"(max-width: 500px) 100vw, 500px\" width=\"500\" height=\"502\"  data-dt-location=\"https:\/\/leonin.ca\/en\/accueil\/deux-image-2\/\" style=\"--ratio: 500 \/ 502;\" alt=\"\" \/><\/div><\/div><\/div>[\/vc_column_inner][vc_column_inner width=&#8221;1\/2&#8243;]<div id=\"ultimate-heading-264069f0b413939ee\" class=\"uvc-heading ult-adjust-bottom-margin ultimate-heading-264069f0b413939ee uvc-5436 accent-subtitle-color\" data-hspacer=\"no_spacer\"  data-halign=\"left\" style=\"text-align:left\"><div class=\"uvc-heading-spacer no_spacer\" style=\"top\"><\/div><div class=\"uvc-main-heading ult-responsive\"  data-ultimate-target='.uvc-heading.ultimate-heading-264069f0b413939ee h2'  data-responsive-json-new='{\"font-size\":\"desktop:48px;tablet:40px;tablet_portrait:36px;mobile:30px;\",\"line-height\":\"desktop:58px;tablet:50px;tablet_portrait:46px;mobile:40px;\"}' ><h2 style=\"--font-weight:theme;margin-bottom:10px;\">The human being behind the project<\/h2><\/div><\/div>[vc_column_text css=&#8221;&#8221;]Fran\u00e7ois Savard, also known as Leonin, is a serial entrepreneur who has been directly involved in the creation of a multitude of successful projects, such as Boreal eSports, the F\u00e9d\u00e9ration qu\u00e9b\u00e9coise de sports \u00e9lectroniques, the Fondation des Gardiens virtuels, UQAM Gaming, and many more.<\/p>\n<p>He has led, and continues to lead, on a number of issues, including online mental health, the health of online communities, the injustices suffered by Quebec residents on the international esports scene, and the need for better supervision of screens.<\/p>\n<div class=\"wpb_text_column wpb_content_element vc_custom_1687553975458\">\n<div class=\"wpb_wrapper\">\n<p><strong>The project:<\/strong> Operating mainly, but not exclusively, in the field of technology and digital entertainment, the legal entity \u201cLeonin\u201d is a company with a <strong>social vocation<\/strong>, setting up and deploying resources in projects and initiatives that have a <strong>positive, concrete impact<\/strong> on society.<\/p>\n<\/div>\n<\/div>\n<div class=\"wpb_text_column wpb_content_element \">\n<div class=\"wpb_wrapper\">\n<p>ased in Quebec (Canada), we are fortunate to be able to count on the collaboration of partners and customers around the world. Collectively, we&#8217;re going to achieve great things, one action at a time.<\/p>\n<\/div>\n<\/div>\n<p>[\/vc_column_text][\/vc_column_inner][\/vc_row_inner][vc_row_inner][vc_column_inner width=&#8221;1\/4&#8243;][\/vc_column_inner][vc_column_inner width=&#8221;1\/4&#8243;][\/vc_column_inner][vc_column_inner width=&#8221;1\/4&#8243;]<style type=\"text\/css\" data-type=\"the7_shortcodes-inline-css\">#default-btn-83dbe47ef5e8cf7e1abf30928863b5bc.ico-right-side > i {\n  margin-right: 0px;\n  margin-left: 8px;\n}\n#default-btn-83dbe47ef5e8cf7e1abf30928863b5bc > i {\n  margin-right: 8px;\n}<\/style><div class=\"btn-align-center\"><a href=\"https:\/\/leonin.ca\/en\/services\/\" class=\"default-btn-shortcode dt-btn dt-btn-m link-hover-off ico-right-side \" id=\"default-btn-83dbe47ef5e8cf7e1abf30928863b5bc\" style=\"width:230px;\"><span>Services<\/span><i class=\"icomoon-the7-font-the7-arrow-41\"><\/i><\/a><\/div>[\/vc_column_inner][vc_column_inner width=&#8221;1\/4&#8243;]<style type=\"text\/css\" data-type=\"the7_shortcodes-inline-css\">#default-btn-941d19c3cf2ed01a979aeff217b27fdc.ico-right-side > i {\n  margin-right: 0px;\n  margin-left: 8px;\n}\n#default-btn-941d19c3cf2ed01a979aeff217b27fdc > i {\n  margin-right: 8px;\n}<\/style><div class=\"btn-align-center\"><a href=\"https:\/\/leonin.ca\/en\/portfolio\/\" class=\"default-btn-shortcode dt-btn dt-btn-m link-hover-off ico-right-side \" id=\"default-btn-941d19c3cf2ed01a979aeff217b27fdc\" style=\"width:230px;\"><span>Portfolio<\/span><i class=\"icomoon-the7-font-the7-arrow-41\"><\/i><\/a><\/div>[\/vc_column_inner][\/vc_row_inner]<div class=\"ult-spacer spacer-69f0b41393cd3\" data-id=\"69f0b41393cd3\" data-height=\"30\" data-height-mobile=\"30\" data-height-tab=\"30\" data-height-tab-portrait=\"\" data-height-mobile-landscape=\"10\" style=\"clear:both;display:block;\"><\/div>[\/vc_column][\/vc_row][vc_row][vc_column][vc_row_inner][vc_column_inner width=&#8221;1\/5&#8243;]<div class=\"ult-team-member-wrap ult-style-3  \"><div class=\"ult-team-member-image ultimate-heading69f0b413940ca\" style=\"; background-color:inherit\" data-hover_opacity=\"0.1\" > <img decoding=\"async\" class=\"ult-team-grayscale\" src=\"https:\/\/leonin.ca\/wp-content\/uploads\/2024\/04\/LAN-JDL-02.png\" alt=\"null\" ><span class=\"ult-team-member-image-overlay \"  ><\/span><div class=\"ult-team-member-description ult-responsive\"  data-ultimate-target='.ult-team-member-image.ultimate-heading69f0b413940ca .ult-team-member-description'  data-responsive-json-new='{\"font-size\":\"\",\"line-height\":\"\"}'  style=\"; text-align:center;; \"><p><span style=\"font-weight: 400;\">Mental health is everyone&#8217;s business. This is one of Fran\u00e7ois&#8217; main preoccupations.<\/span><\/p><\/div><\/div><div class=\"ult-team-member-bio-wrap style-3 ultimate-heading69f0b413940ca\" style=\"text-align:center;; \"><div class=\"ult-team-member-name-wrap\"><h2 class=\"ult-team-member-name ult-responsive\"  data-ultimate-target='.ult-team-member-bio-wrap.ultimate-heading69f0b413940ca .ult-team-member-name'  data-responsive-json-new='{\"font-size\":\"\",\"line-height\":\"\"}'  style=\"\">Mental health<\/h2><div class=\"ult-team-member-position ult-responsive\"  data-ultimate-target='.ult-team-member-bio-wrap.ultimate-heading69f0b413940ca .ult-team-member-position'  data-responsive-json-new='{\"font-size\":\"\",\"line-height\":\"\"}'  style=\"\">Suicide prevention<\/div><div style=\"margin-bottom:15px\"><\/div><\/div><\/div><\/div>[\/vc_column_inner][vc_column_inner width=&#8221;1\/5&#8243;]<div class=\"ult-team-member-wrap ult-style-3  \"><div class=\"ult-team-member-image ultimate-heading69f0b41394444\" style=\"; background-color:inherit\" data-hover_opacity=\"0.1\" > <img decoding=\"async\" class=\"ult-team-grayscale\" src=\"https:\/\/leonin.ca\/wp-content\/uploads\/2024\/04\/conference-01.png\" alt=\"null\" ><span class=\"ult-team-member-image-overlay \"  ><\/span><div class=\"ult-team-member-description ult-responsive\"  data-ultimate-target='.ult-team-member-image.ultimate-heading69f0b41394444 .ult-team-member-description'  data-responsive-json-new='{\"font-size\":\"\",\"line-height\":\"\"}'  style=\"; text-align:center;; \"><p><span style=\"font-weight: 400;\">We have a lot to do to become good cybercitizens, and to do that we need to talk about it.<\/span><\/p><\/div><\/div><div class=\"ult-team-member-bio-wrap style-3 ultimate-heading69f0b41394444\" style=\"text-align:center;; \"><div class=\"ult-team-member-name-wrap\"><h2 class=\"ult-team-member-name ult-responsive\"  data-ultimate-target='.ult-team-member-bio-wrap.ultimate-heading69f0b41394444 .ult-team-member-name'  data-responsive-json-new='{\"font-size\":\"\",\"line-height\":\"\"}'  style=\"\">Cybercitizenship<\/h2><div class=\"ult-team-member-position ult-responsive\"  data-ultimate-target='.ult-team-member-bio-wrap.ultimate-heading69f0b41394444 .ult-team-member-position'  data-responsive-json-new='{\"font-size\":\"\",\"line-height\":\"\"}'  style=\"\">Awareness-raising activities<\/div><div style=\"margin-bottom:15px\"><\/div><\/div><\/div><\/div>[\/vc_column_inner][vc_column_inner width=&#8221;1\/5&#8243;]<div class=\"ult-team-member-wrap ult-style-3  \"><div class=\"ult-team-member-image ultimate-heading69f0b41394773\" style=\"; background-color:inherit\" data-hover_opacity=\"0.1\" > <img decoding=\"async\" class=\"ult-team-grayscale\" src=\"https:\/\/leonin.ca\/wp-content\/uploads\/2024\/04\/Meltdown-04.png\" alt=\"null\" ><span class=\"ult-team-member-image-overlay \"  ><\/span><div class=\"ult-team-member-description ult-responsive\"  data-ultimate-target='.ult-team-member-image.ultimate-heading69f0b41394773 .ult-team-member-description'  data-responsive-json-new='{\"font-size\":\"\",\"line-height\":\"\"}'  style=\"; text-align:center;; \"><p><span style=\"font-weight: 400;\">Used in a supervised way, video games are an excellent tool for breaking down social isolation.<\/span><\/p><\/div><\/div><div class=\"ult-team-member-bio-wrap style-3 ultimate-heading69f0b41394773\" style=\"text-align:center;; \"><div class=\"ult-team-member-name-wrap\"><h2 class=\"ult-team-member-name ult-responsive\"  data-ultimate-target='.ult-team-member-bio-wrap.ultimate-heading69f0b41394773 .ult-team-member-name'  data-responsive-json-new='{\"font-size\":\"\",\"line-height\":\"\"}'  style=\"\">Events<\/h2><div class=\"ult-team-member-position ult-responsive\"  data-ultimate-target='.ult-team-member-bio-wrap.ultimate-heading69f0b41394773 .ult-team-member-position'  data-responsive-json-new='{\"font-size\":\"\",\"line-height\":\"\"}'  style=\"\">Breaking social isolation<\/div><div style=\"margin-bottom:15px\"><\/div><\/div><\/div><\/div>[\/vc_column_inner][vc_column_inner width=&#8221;1\/5&#8243;]<div class=\"ult-team-member-wrap ult-style-3  \"><div class=\"ult-team-member-image ultimate-heading69f0b41394a9f\" style=\"; background-color:inherit\" data-hover_opacity=\"0.1\" > <img decoding=\"async\" class=\"ult-team-grayscale\" src=\"https:\/\/leonin.ca\/wp-content\/uploads\/2024\/04\/Recherche-02.png\" alt=\"null\" ><span class=\"ult-team-member-image-overlay \"  ><\/span><div class=\"ult-team-member-description ult-responsive\"  data-ultimate-target='.ult-team-member-image.ultimate-heading69f0b41394a9f .ult-team-member-description'  data-responsive-json-new='{\"font-size\":\"\",\"line-height\":\"\"}'  style=\"; text-align:center;; \"><p>Properly used, knowledge enables us to develop well, both as individuals and as a society.<\/p><\/div><\/div><div class=\"ult-team-member-bio-wrap style-3 ultimate-heading69f0b41394a9f\" style=\"text-align:center;; \"><div class=\"ult-team-member-name-wrap\"><h2 class=\"ult-team-member-name ult-responsive\"  data-ultimate-target='.ult-team-member-bio-wrap.ultimate-heading69f0b41394a9f .ult-team-member-name'  data-responsive-json-new='{\"font-size\":\"\",\"line-height\":\"\"}'  style=\"\">Knowledge<\/h2><div class=\"ult-team-member-position ult-responsive\"  data-ultimate-target='.ult-team-member-bio-wrap.ultimate-heading69f0b41394a9f .ult-team-member-position'  data-responsive-json-new='{\"font-size\":\"\",\"line-height\":\"\"}'  style=\"\">Research &amp; Development<\/div><div style=\"margin-bottom:15px\"><\/div><\/div><\/div><\/div>[\/vc_column_inner][vc_column_inner width=&#8221;1\/5&#8243;]<div class=\"ult-team-member-wrap ult-style-3  \"><div class=\"ult-team-member-image ultimate-heading69f0b41394db2\" style=\"; background-color:inherit\" data-hover_opacity=\"0.1\" > <img decoding=\"async\" class=\"ult-team-grayscale\" src=\"https:\/\/leonin.ca\/wp-content\/uploads\/2024\/04\/soiree-01.png\" alt=\"null\" ><span class=\"ult-team-member-image-overlay \"  ><\/span><div class=\"ult-team-member-description ult-responsive\"  data-ultimate-target='.ult-team-member-image.ultimate-heading69f0b41394db2 .ult-team-member-description'  data-responsive-json-new='{\"font-size\":\"\",\"line-height\":\"\"}'  style=\"; text-align:center;; \"><p><span style=\"font-weight: 400;\">There&#8217;s nothing more satisfying than the look on a student&#8217;s face when they see the answer to their question. <\/span><\/p><\/div><\/div><div class=\"ult-team-member-bio-wrap style-3 ultimate-heading69f0b41394db2\" style=\"text-align:center;; \"><div class=\"ult-team-member-name-wrap\"><h2 class=\"ult-team-member-name ult-responsive\"  data-ultimate-target='.ult-team-member-bio-wrap.ultimate-heading69f0b41394db2 .ult-team-member-name'  data-responsive-json-new='{\"font-size\":\"\",\"line-height\":\"\"}'  style=\"\">Education<\/h2><div class=\"ult-team-member-position ult-responsive\"  data-ultimate-target='.ult-team-member-bio-wrap.ultimate-heading69f0b41394db2 .ult-team-member-position'  data-responsive-json-new='{\"font-size\":\"\",\"line-height\":\"\"}'  style=\"\">Knowledge sharing<\/div><div style=\"margin-bottom:15px\"><\/div><\/div><\/div><\/div>[\/vc_column_inner][\/vc_row_inner][\/vc_column][\/vc_row][vc_row full_width=&#8221;stretch_row_content&#8221; bg_type=&#8221;image&#8221; parallax_style=&#8221;vcpb-vz-jquery&#8221; bg_image_new=&#8221;id^56931|url^https:\/\/leonin.ca\/wp-content\/uploads\/2020\/10\/83189060_630515791092870_3140901358702428160_o-1024&#215;498-1.jpg|caption^null|alt^null|title^83189060_630515791092870_3140901358702428160_o-1024&#215;498-1|description^null&#8221; bg_image_repeat=&#8221;no-repeat&#8221; bg_override=&#8221;full&#8221; enable_overlay=&#8221;enable_overlay_value&#8221; overlay_color=&#8221;rgba(0,0,0,0.6)&#8221; overlay_pattern=&#8221;transperant&#8221; overlay_pattern_opacity=&#8221;15&#8243; type=&#8221;vc_default&#8221; css=&#8221;.vc_custom_1602797075260{padding-top: 90px !important;padding-bottom: 100px !important;background-color: #000000 !important;}&#8221;][vc_column]<div id=\"ultimate-heading-438369f0b41394e66\" class=\"uvc-heading ult-adjust-bottom-margin ultimate-heading-438369f0b41394e66 uvc-8919 accent-title-color\" data-hspacer=\"no_spacer\"  data-halign=\"center\" style=\"text-align:center\"><div class=\"uvc-heading-spacer no_spacer\" style=\"top\"><\/div><div class=\"uvc-main-heading ult-responsive\"  data-ultimate-target='.uvc-heading.ultimate-heading-438369f0b41394e66 h2'  data-responsive-json-new='{\"font-size\":\"desktop:36px;tablet:34px;tablet_portrait:32px;mobile_landscape:30px;\",\"line-height\":\"desktop:46px;tablet:44px;tablet_portrait:42px;mobile_landscape:40px;\"}' ><h2 style=\"--font-weight:theme;margin-bottom:15px;\">Collaboration is the key to success<\/h2><\/div><div class=\"uvc-sub-heading ult-responsive\"  data-ultimate-target='.uvc-heading.ultimate-heading-438369f0b41394e66 .uvc-sub-heading '  data-responsive-json-new='{\"font-size\":\"desktop:54px;tablet:50px;tablet_portrait:46px;mobile_landscape:40px;\",\"line-height\":\"desktop:64px;tablet:60px;tablet_portrait:56px;mobile_landscape:50px;\"}'  style=\"font-weight:bold;color:#ffffff;margin-bottom:45px;\">Don&#8217;t postpone it, contact us today!<\/div><\/div>[vc_row_inner][vc_column_inner width=&#8221;1\/3&#8243;][\/vc_column_inner][vc_column_inner width=&#8221;1\/3&#8243;]<style type=\"text\/css\" data-type=\"the7_shortcodes-inline-css\">#default-btn-fc5c850749ab14da2e126e5f0886df0e.ico-right-side > i {\n  margin-right: 0px;\n  margin-left: 8px;\n}\n#default-btn-fc5c850749ab14da2e126e5f0886df0e > i {\n  margin-right: 8px;\n}<\/style><div class=\"btn-align-center\"><a href=\"https:\/\/www.linkedin.com\/in\/leoninsavard\/\" class=\"default-btn-shortcode dt-btn dt-btn-l link-hover-off ico-right-side \" target=\"_blank\" id=\"default-btn-fc5c850749ab14da2e126e5f0886df0e\" style=\"width:230px;\" rel=\"noopener\"><span>LinkedIn<\/span><i class=\"fas fa-comment-dots\"><\/i><\/a><\/div>[\/vc_column_inner][vc_column_inner width=&#8221;1\/3&#8243;][\/vc_column_inner][\/vc_row_inner][\/vc_column][\/vc_row]<\/p>\n<\/div>","protected":false},"excerpt":{"rendered":"<p>[vc_row full_height=&#8221;yes&#8221; bg_type=&#8221;image&#8221; parallax_style=&#8221;vcpb-vz-jquery&#8221; bg_image_new=&#8221;id^59385|url^https:\/\/leonin.ca\/wp-content\/uploads\/2024\/04\/Montreal-01.png|caption^null|alt^null|title^Montreal-01|description^null&#8221; bg_image_repeat=&#8221;no-repeat&#8221; bg_override=&#8221;full&#8221; enable_overlay=&#8221;enable_overlay_value&#8221; overlay_color=&#8221;rgba(0,0,0,0.6)&#8221; overlay_pattern=&#8221;transperant&#8221; type=&#8221;vc_default&#8221; css=&#8221;.vc_custom_1714243665138{padding-top: 90px !important;padding-bottom: 90px !important;background-color: #000000 !important;}&#8221;][vc_column][\/vc_column][\/vc_row][vc_row css=&#8221;.vc_custom_1714263018903{background-color: #ffffff !important;}&#8221;][vc_column][vc_row_inner][vc_column_inner width=&#8221;1\/2&#8243;][\/vc_column_inner][vc_column_inner width=&#8221;1\/2&#8243;][vc_column_text css=&#8221;&#8221;]Fran\u00e7ois Savard, also known as Leonin, is a serial entrepreneur who has been directly involved in the creation of a multitude of successful projects, such as Boreal eSports, the F\u00e9d\u00e9ration qu\u00e9b\u00e9coise de&hellip;<\/p>\n","protected":false},"author":1,"featured_media":0,"parent":0,"menu_order":40,"comment_status":"closed","ping_status":"closed","template":"","meta":{"footnotes":""},"class_list":["post-61589","page","type-page","status-publish","hentry","description-off"],"_links":{"self":[{"href":"https:\/\/leonin.ca\/en\/wp-json\/wp\/v2\/pages\/61589","targetHints":{"allow":["GET"]}}],"collection":[{"href":"https:\/\/leonin.ca\/en\/wp-json\/wp\/v2\/pages"}],"about":[{"href":"https:\/\/leonin.ca\/en\/wp-json\/wp\/v2\/types\/page"}],"author":[{"embeddable":true,"href":"https:\/\/leonin.ca\/en\/wp-json\/wp\/v2\/users\/1"}],"replies":[{"embeddable":true,"href":"https:\/\/leonin.ca\/en\/wp-json\/wp\/v2\/comments?post=61589"}],"version-history":[{"count":9,"href":"https:\/\/leonin.ca\/en\/wp-json\/wp\/v2\/pages\/61589\/revisions"}],"predecessor-version":[{"id":62931,"href":"https:\/\/leonin.ca\/en\/wp-json\/wp\/v2\/pages\/61589\/revisions\/62931"}],"wp:attachment":[{"href":"https:\/\/leonin.ca\/en\/wp-json\/wp\/v2\/media?parent=61589"}],"curies":[{"name":"wp","href":"https:\/\/api.w.org\/{rel}","templated":true}]}}