{"id":61608,"date":"2014-04-23T14:50:39","date_gmt":"2014-04-23T18:50:39","guid":{"rendered":"https:\/\/leonin.ca\/a-propos\/"},"modified":"2025-07-29T22:26:13","modified_gmt":"2025-07-30T02:26:13","slug":"a-propos","status":"publish","type":"page","link":"https:\/\/leonin.ca\/en\/a-propos\/","title":{"rendered":"About"},"content":{"rendered":"<div class=\"wpb-content-wrapper\"><p>[vc_row css=&#8221;.vc_custom_1632146185099{padding-top: 30px !important;padding-bottom: 30px !important;}&#8221;][vc_column width=&#8221;3\/4&#8243;]<div id=\"ultimate-heading-784969f2065c519c7\" class=\"uvc-heading ult-adjust-bottom-margin ultimate-heading-784969f2065c519c7 uvc-8466 accent-subtitle-color uvc-heading-default-font-sizes\" data-hspacer=\"no_spacer\"  data-halign=\"left\" style=\"text-align:left\"><div class=\"uvc-heading-spacer no_spacer\" style=\"top\"><\/div><div class=\"uvc-main-heading ult-responsive\"  data-ultimate-target='.uvc-heading.ultimate-heading-784969f2065c519c7 h2'  data-responsive-json-new='{\"font-size\":\"\",\"line-height\":\"\"}' ><h2 style=\"--font-weight:theme;margin-bottom:10px;\">Who am I?<\/h2><\/div><\/div>[vc_column_text css=&#8221;&#8221;]A practitioner-researcher in Game studies, I&#8217;ve been involved at various levels in Canada&#8217;s videogame communities since 2002.<\/p>\n<p>In 2015, I left my career as an officer in the Canadian Armed Forces to focus full-time on various esports-related projects. I&#8217;m a founding member of a multitude of organizations, including the F\u00e9d\u00e9ration qu\u00e9b\u00e9coise de sports \u00e9lectroniques, the Fondation des Gardiens virtuels, and UQAM Gaming.<\/p>\n<p>Since 2020, I&#8217;ve been more involved in the academic world, using my vast experience to enhance scientific research and the advancement of good videogame practices. In addition to my interdisciplinary doctorate in health and society at UQAM in communications, I&#8217;m a lecturer at UQTR in the esports microprogram, and for the \u00c9cole Sup\u00e9rieure de Commerce et d&#8217;\u00c9conomie Num\u00e9rique in a course on marketing project management for gamified applications.<\/p>\n<p>I&#8217;m also a guest speaker at numerous conferences and symposiums.[\/vc_column_text][\/vc_column][vc_column width=&#8221;1\/4&#8243;][vc_raw_js]JTNDc2NyaXB0JTIwc3JjJTNEJTIyaHR0cHMlM0ElMkYlMkZwbGF0Zm9ybS5saW5rZWRpbi5jb20lMkZiYWRnZXMlMkZqcyUyRnByb2ZpbGUuanMlMjIlMjBhc3luYyUyMGRlZmVyJTIwdHlwZSUzRCUyMnRleHQlMkZqYXZhc2NyaXB0JTIyJTNFJTNDJTJGc2NyaXB0JTNFJTBBJTNDZGl2JTIwY2xhc3MlM0QlMjJiYWRnZS1iYXNlJTIwTEktcHJvZmlsZS1iYWRnZSUyMiUyMGRhdGEtbG9jYWxlJTNEJTIyZnJfRlIlMjIlMjBkYXRhLXNpemUlM0QlMjJtZWRpdW0lMjIlMjBkYXRhLXRoZW1lJTNEJTIybGlnaHQlMjIlMjBkYXRhLXR5cGUlM0QlMjJWRVJUSUNBTCUyMiUyMGRhdGEtdmFuaXR5JTNEJTIybGVvbmluc2F2YXJkJTIyJTIwZGF0YS12ZXJzaW9uJTNEJTIydjElMjIlM0UlM0NhJTIwY2xhc3MlM0QlMjJiYWRnZS1iYXNlX19saW5rJTIwTEktc2ltcGxlLWxpbmslMjIlMjBocmVmJTNEJTIyaHR0cHMlM0ElMkYlMkZjYS5saW5rZWRpbi5jb20lMkZpbiUyRmxlb25pbnNhdmFyZCUyRmZyJTNGdHJrJTNEcHJvZmlsZS1iYWRnZSUyMiUzRUZyYW4lQzMlQTdvaXMlMjBTYXZhcmQlM0MlMkZhJTNFJTNDJTJGZGl2JTNFJTBBJTIwJTIwJTIwJTIwJTIwJTIwJTIwJTIwJTIwJTIwJTIwJTIwJTIwJTIw[\/vc_raw_js][\/vc_column][\/vc_row][vc_row][vc_column]<div id=\"ultimate-heading-349569f2065c51bca\" class=\"uvc-heading ult-adjust-bottom-margin ultimate-heading-349569f2065c51bca uvc-3961 accent-subtitle-color uvc-heading-default-font-sizes\" data-hspacer=\"no_spacer\"  data-halign=\"left\" style=\"text-align:left\"><div class=\"uvc-heading-spacer no_spacer\" style=\"top\"><\/div><div class=\"uvc-main-heading ult-responsive\"  data-ultimate-target='.uvc-heading.ultimate-heading-349569f2065c51bca h2'  data-responsive-json-new='{\"font-size\":\"\",\"line-height\":\"\"}' ><h2 style=\"--font-weight:theme;margin-bottom:20px;\">Current affiliations<\/h2><\/div><\/div>[vc_tta_accordion active_section=&#8221;7777&#8243;][vc_tta_section i_icon_fontawesome=&#8221;fa fa-solid fa-people-group&#8221; add_icon=&#8221;true&#8221; title=&#8221;Research Assistant, Canada Research Chair on Games, Technology and Society (UQAM)&#8221; tab_id=&#8221;1751321926970-ddb14720-a98b&#8221;][vc_column_text css=&#8221;&#8221;]The Canada Research Chair in Gaming, Technology and Society, formerly known as the Canada Research Chair in Massive Data and Gamer Communities, aims to better understand the issues surrounding the use of massive data in the videogame industry.<\/p>\n<p>Website: <a href=\"https:\/\/crc-jeu.uqam.ca\/\" target=\"_blank\" rel=\"noopener\">https:\/\/crc-jeu.uqam.ca\/<\/a>[\/vc_column_text][\/vc_tta_section][vc_tta_section i_icon_fontawesome=&#8221;fas fa-users&#8221; add_icon=&#8221;true&#8221; title=&#8221;Member of the Homo Ludens research group (UQAM)&#8221; tab_id=&#8221;1745266221742-307d7179-e858&#8243;][vc_column_text]The Homo Ludens research group focuses on the social, philosophical and semiotic aspects of play from a communicative perspective.<\/p>\n<p>Website: <a href=\"https:\/\/homoludens.ca\/\" target=\"_blank\" rel=\"noopener\">https:\/\/homoludens.ca\/<\/a>[\/vc_column_text][\/vc_tta_section][vc_tta_section i_icon_fontawesome=&#8221;fas fa-users&#8221; add_icon=&#8221;true&#8221; title=&#8221;Student member of the Institut Sant\u00e9 et soci\u00e9t\u00e9 (UQAM)&#8221; tab_id=&#8221;1685817722386-3666883b-c913&#8243;][vc_column_text css=&#8221;&#8221;]The Institut Sant\u00e9 et Soci\u00e9t\u00e9 aims to promote, develop, disseminate and support training and research in health and society, from an interdisciplinary and partnership perspective.<\/p>\n<p>Website: <a href=\"https:\/\/iss.uqam.ca\/\" target=\"_blank\" rel=\"noopener\">https:\/\/iss.uqam.ca\/<\/a>[\/vc_column_text][\/vc_tta_section][vc_tta_section i_icon_fontawesome=&#8221;fas fa-users&#8221; add_icon=&#8221;true&#8221; title=&#8221;Member of the Canadian Game Studies Association (CGSA\/AC\u00c9J)&#8221; tab_id=&#8221;1737929543171-976fd624-d58e&#8221;][vc_column_text]The Canadian Game Studies Association (CGSA\/AC\u00c9J) is an organization dedicated to the interdisciplinary study of digital games. Its main objective is to support the work of Canadian researchers, graduate students, artists, game designers, programmers, theorists and others working in this field.<\/p>\n<p>Website: <a href=\"https:\/\/gamestudies.ca\/\" target=\"_blank\" rel=\"noopener\">https:\/\/gamestudies.ca\/<\/a>[\/vc_column_text][\/vc_tta_section][vc_tta_section i_icon_fontawesome=&#8221;fas fa-users&#8221; add_icon=&#8221;true&#8221; title=&#8221;Member of the Association pour la Recherche et les Etudes Francophones sur l&#8217;Esport (AREFE)&#8221; tab_id=&#8221;1685816474795-b21e67f5-8cea&#8221;][vc_column_text]Created in 2018, this research association brings together nearly thirty French-speaking researchers around the world who work to uncover new information about esports.<\/p>\n<p>Website: <a href=\"https:\/\/arefesport.fr\/\" target=\"_blank\" rel=\"noopener\">https:\/\/arefesport.fr\/<\/a>[\/vc_column_text][\/vc_tta_section][vc_tta_section i_icon_fontawesome=&#8221;fas fa-users&#8221; add_icon=&#8221;true&#8221; title=&#8221;Member of the Esports Research Network&#8221; tab_id=&#8221;1685816769691-6686ce4f-c704&#8243;][vc_column_text]The Esports Research Network is a collaboration of researchers promoting interdisciplinary research into the emerging esports phenomenon. Esport is truly global and digital. It can therefore be used to study existing social problems and act as a foresight tool in the digitized world. Esports research can be seen as a laboratory of the future.<\/p>\n<p>Furthermore, to understand esports, it is necessary to study in depth the social impact and evolution of esports, as well as the current and future role of esports in society. The objectives of the Esports Research Network are to acquire rigorous knowledge about esports, to foster the sustainable growth of esports, to shape the role of esports in society, and to translate this knowledge into cognition for the digitized world in which society evolves.<\/p>\n<p>Website: <a href=\"https:\/\/esportsresearch.net\/\" target=\"_blank\" rel=\"noopener\">https:\/\/esportsresearch.net\/<\/a>[\/vc_column_text][\/vc_tta_section][vc_tta_section i_icon_fontawesome=&#8221;&#8221; add_icon=&#8221;true&#8221; title=&#8221;Member of DiGRA&#8221; tab_id=&#8221;1753841279974-b0f3f8b7-d456&#8243;][vc_column_text css=&#8221;&#8221;]International association for professionals, academics, developers and other individuals interested in the evolving fields of digital gaming and game studies.<\/p>\n<p>Website : <a href=\"https:\/\/digra.org\/\" target=\"_blank\" rel=\"noopener\">https:\/\/digra.org\/<\/a>[\/vc_column_text][\/vc_tta_section][vc_tta_section i_icon_fontawesome=&#8221;fas fa-user-tie&#8221; add_icon=&#8221;true&#8221; title=&#8221;Board member (Chairman), Virtual Guardian Foundation&#8221; tab_id=&#8221;1685816975342-d7bf4992-6b1a&#8221;][vc_column_text]The Virtual Guardian Foundation is a registered Canadian charity whose mission is to be a beacon on the Internet for people in distress, and to promote responsible digital use.<\/p>\n<p>Webite: <a href=\"https:\/\/gardiensvirtuels.quebec\/\" target=\"_blank\" rel=\"noopener\">https:\/\/gardiensvirtuels.quebec\/<\/a>[\/vc_column_text][\/vc_tta_section][vc_tta_section i_icon_fontawesome=&#8221;fas fa-hand-holding-heart&#8221; add_icon=&#8221;true&#8221; title=&#8221;Citizen member of the Association qu\u00e9b\u00e9coise de pr\u00e9vention du suicide&#8221; tab_id=&#8221;1685818004944-8a561a46-c6d4&#8243;][vc_column_text]The Association qu\u00e9b\u00e9coise de pr\u00e9vention du suicide is involved in all aspects of suicide prevention in Quebec. A non-profit organization founded in 1986, AQPS now has some 200 members. Its mission is to mobilize all players, support communities, equip caregivers, raise public awareness and influence decision-makers to prevent suicide.<\/p>\n<p>Website: <a href=\"https:\/\/aqps.info\/\" target=\"_blank\" rel=\"noopener\">https:\/\/aqps.info\/<\/a>[\/vc_column_text][\/vc_tta_section][\/vc_tta_accordion][\/vc_column][\/vc_row][vc_row][vc_column]<div id=\"ultimate-heading-332969f2065c51d7c\" class=\"uvc-heading ult-adjust-bottom-margin ultimate-heading-332969f2065c51d7c uvc-5933 accent-subtitle-color uvc-heading-default-font-sizes\" data-hspacer=\"no_spacer\"  data-halign=\"left\" style=\"text-align:left\"><div class=\"uvc-heading-spacer no_spacer\" style=\"top\"><\/div><div class=\"uvc-main-heading ult-responsive\"  data-ultimate-target='.uvc-heading.ultimate-heading-332969f2065c51d7c h2'  data-responsive-json-new='{\"font-size\":\"\",\"line-height\":\"\"}' ><h2 style=\"--font-weight:theme;margin-bottom:20px;\">Partnerships<\/h2><\/div><\/div>[vc_tta_accordion active_section=&#8221;7777&#8243;][vc_tta_section i_icon_fontawesome=&#8221;fas fa-globe&#8221; add_icon=&#8221;true&#8221; title=&#8221;Web Hosting Canada&#8221; tab_id=&#8221;1685818478217-07bc85eb-2969&#8243;][vc_column_text]Web Hosting Canada is a Montreal-based web service provider that I use for all my different websites.<\/p>\n<p><strong>Nature of partnership:<\/strong> Only an affiliate code allowing me to reduce my web hosting costs.<\/p>\n<p>Website: <a href=\"https:\/\/clients.whc.ca\/aff.php?aff=1407\" target=\"_blank\" rel=\"noopener\">https:\/\/clients.whc.ca\/aff.php?aff=1407<\/a>[\/vc_column_text][\/vc_tta_section][vc_tta_section i_icon_fontawesome=&#8221;fas fa-file-invoice-dollar&#8221; add_icon=&#8221;true&#8221; title=&#8221;R\u00e9gulus&#8221; tab_id=&#8221;1685819214124-9dd9ba40-01c7&#8243;][vc_column_text]R\u00e9gulus takes charge of the accounting management of SMEs, advising and supporting entrepreneurs so that they can devote themselves fully to their raison d&#8217;\u00eatre and prosper. I&#8217;ve been doing business with them for several years for my professional and personal accounting.<\/p>\n<p><strong>Nature of partnership: <\/strong> Exchange of courtesies<\/p>\n<p>Website: <a href=\"https:\/\/reguluscompt.com\/\" target=\"_blank\" rel=\"noopener\">https:\/\/reguluscompt.com\/<\/a>[\/vc_column_text][\/vc_tta_section][\/vc_tta_accordion][\/vc_column][\/vc_row]<\/p>\n<\/div>","protected":false},"excerpt":{"rendered":"<p>[vc_row css=&#8221;.vc_custom_1632146185099{padding-top: 30px !important;padding-bottom: 30px !important;}&#8221;][vc_column width=&#8221;3\/4&#8243;][vc_column_text css=&#8221;&#8221;]A practitioner-researcher in Game studies, I&#8217;ve been involved at various levels in Canada&#8217;s videogame communities since 2002. In 2015, I left my career as an officer in the Canadian Armed Forces to focus full-time on various esports-related projects. I&#8217;m a founding member of a multitude of organizations, including&hellip;<\/p>\n","protected":false},"author":1,"featured_media":0,"parent":0,"menu_order":2,"comment_status":"closed","ping_status":"closed","template":"","meta":{"footnotes":""},"class_list":["post-61608","page","type-page","status-publish","hentry","description-off"],"_links":{"self":[{"href":"https:\/\/leonin.ca\/en\/wp-json\/wp\/v2\/pages\/61608","targetHints":{"allow":["GET"]}}],"collection":[{"href":"https:\/\/leonin.ca\/en\/wp-json\/wp\/v2\/pages"}],"about":[{"href":"https:\/\/leonin.ca\/en\/wp-json\/wp\/v2\/types\/page"}],"author":[{"embeddable":true,"href":"https:\/\/leonin.ca\/en\/wp-json\/wp\/v2\/users\/1"}],"replies":[{"embeddable":true,"href":"https:\/\/leonin.ca\/en\/wp-json\/wp\/v2\/comments?post=61608"}],"version-history":[{"count":14,"href":"https:\/\/leonin.ca\/en\/wp-json\/wp\/v2\/pages\/61608\/revisions"}],"predecessor-version":[{"id":62826,"href":"https:\/\/leonin.ca\/en\/wp-json\/wp\/v2\/pages\/61608\/revisions\/62826"}],"wp:attachment":[{"href":"https:\/\/leonin.ca\/en\/wp-json\/wp\/v2\/media?parent=61608"}],"curies":[{"name":"wp","href":"https:\/\/api.w.org\/{rel}","templated":true}]}}