{"id":61619,"date":"2023-06-03T17:52:59","date_gmt":"2023-06-03T21:52:59","guid":{"rendered":"https:\/\/leonin.ca\/presse\/"},"modified":"2026-04-28T09:38:55","modified_gmt":"2026-04-28T13:38:55","slug":"presse","status":"publish","type":"page","link":"https:\/\/leonin.ca\/en\/presse\/","title":{"rendered":"Press"},"content":{"rendered":"<div class=\"wpb-content-wrapper\"><p>[vc_section full_width=&#8221;stretch_row&#8221; css=&#8221;.vc_custom_1685834739932{background-image: url(https:\/\/savard.work\/wp-content\/uploads\/2021\/09\/abstract-black.jpg?id=57833) !important;background-position: center !important;background-repeat: no-repeat !important;background-size: cover !important;}&#8221;][vc_row full_height=&#8221;yes&#8221; content_placement=&#8221;middle&#8221; css=&#8221;.vc_custom_1685835588484{margin-bottom: 0px !important;border-bottom-width: 0px !important;padding-bottom: 0px !important;}&#8221;][vc_column width=&#8221;1\/2&#8243;][vc_custom_heading text=&#8221;Press&#8221; font_container=&#8221;tag:h1|text_align:left|color:%23ffffff&#8221; use_theme_fonts=&#8221;yes&#8221; css=&#8221;.vc_custom_1685835426309{margin-bottom: 10px !important;}&#8221;][vc_custom_heading text=&#8221;My various projects have appeared in over 200 articles over the years. Here&#8217;s a small archive of those I&#8217;ve mentioned directly.&#8221; font_container=&#8221;tag:h4|text_align:left|color:%23ffffff&#8221; use_theme_fonts=&#8221;yes&#8221;][vc_custom_heading text=&#8221;If you&#8217;re a media company or journalist looking for an expert opinion, don&#8217;t hesitate to contact me!&#8221; font_container=&#8221;tag:h4|text_align:left|color:%23ffffff&#8221; use_theme_fonts=&#8221;yes&#8221;][\/vc_column][vc_column width=&#8221;1\/2&#8243; css=&#8221;.vc_custom_1685834821919{margin-bottom: 0px !important;border-bottom-width: 0px !important;padding-bottom: 0px !important;}&#8221;][vc_single_image image=&#8221;60006&#8243; img_size=&#8221;full&#8221; css=&#8221;.vc_custom_1716139168730{margin-bottom: 0px !important;border-bottom-width: 0px !important;padding-bottom: 0px !important;}&#8221;][\/vc_column][\/vc_row][\/vc_section][vc_row content_placement=&#8221;middle&#8221;][vc_column width=&#8221;1\/6&#8243;][\/vc_column][vc_column width=&#8221;4\/6&#8243;][vc_single_image image=&#8221;57329&#8243; img_size=&#8221;full&#8221; add_caption=&#8221;yes&#8221; image_hovers=&#8221;false&#8221;][vc_column_text]<\/p>\n<p style=\"text-align: center;\"><em>Photo from an article in the Journal de Montr\u00e9al<\/em><\/p>\n<p>[\/vc_column_text][\/vc_column][vc_column width=&#8221;1\/6&#8243;][\/vc_column][\/vc_row][vc_section][vc_row][vc_column][vc_column_text css=&#8221;&#8221;]<\/p>\n<ul>\n<li>2026, L&#8217;Atelier, Des intervenants pour les cyberathl\u00e8tes, https:\/\/latelier.uqam.ca\/articles\/998\/des-intervenants-pour-les-cyberathletes<\/li>\n<li>2026, 98,5 FM, Roblox: \u00abLes contr\u00f4les de s\u00e9curit\u00e9 sont 100 % insuffisants\u00bb. https:\/\/www.985fm.ca\/audio\/766125\/roblox-les-controles-de-securite-sont-100-insuffisants<\/li>\n<li>2025, LeSoleil, Pourquoi vous avez vu Charlie Kirk se vider de son sang, https:\/\/www.lesoleil.com\/actualites\/2025\/09\/12\/pourquoi-vous-avez-vu-charlie-kirk-se-vider-de-son-sang-4EML6APG7ZA2BKFB4DZFKBZCGM\/<\/li>\n<li>2025, \u00c9cole Branch\u00e9e, Une premi\u00e8re rentr\u00e9e sans cellulaire au Qu\u00e9bec, https:\/\/ecolebranchee.com\/une-premiere-rentree-sans-cellulaire-au-quebec\/<\/li>\n<li>2025, 106.9 Mauricie, Rentr\u00e9e scolaire : l\u2019interdiction du cellulaire divise parents et enseignants, https:\/\/www.fm1069.ca\/audio\/719091\/rentree-scolaire-l-interdiction-du-cellulaire-divise-parents-et-enseignants<\/li>\n<li>2025, LeSoleil, Interdiction du cellulaire \u00e0 l\u2019\u00e9cole ou l\u2019occasion rat\u00e9e d\u2019\u00e9duquer, https:\/\/www.lesoleil.com\/actualites\/education\/2025\/08\/25\/interdiction-du-cellulaire-a-lecole-ou-loccasion-ratee-deduquer-UOB3RXMQEVGKXBIN57QJQ36T7I-2\/<\/li>\n<li>2025, Radio-Canada, Vivement le retour, Le num\u00e9rique comme terrain d\u2019intervention en sant\u00e9 mentale, avec Laurie Briand, https:\/\/ici.radio-canada.ca\/ohdio\/premiere\/emissions\/vivement-le-retour\/segments\/rattrapage\/2084513\/numerique-comme-terrain-intervention-en-sante-mentale-avec-laurie-briand<\/li>\n<li>2025, The Conversation, Au-del\u00e0 de l\u2019\u00e9cran : quand le num\u00e9rique devient un espace d\u2019intervention en sant\u00e9 mentale, https:\/\/theconversation.com\/au-dela-de-lecran-quand-le-numerique-devient-un-espace-dintervention-en-sante-mentale-249927<\/li>\n<li>2025, Actualit\u00e9s UQAM, L\u2019alternative communautaire en sant\u00e9 mentale, https:\/\/actualites.uqam.ca\/2025\/lalternative-communautaire-en-sante-mentale\/<\/li>\n<li>2025, TV5Unis, Esport : derri\u00e8re l\u2019\u00e9cran, https:\/\/www.tv5unis.ca\/esport-derriere-lecran<\/li>\n<li>2024, Radio-Canada, C&#8217;est encore mieux l&#8217;apr\u00e8s-midi &#8211; https:\/\/ici.radio-canada.ca\/ohdio\/premiere\/emissions\/c-est-encore-mieux-l-apres-midi\/segments\/rattrapage\/1949726\/feter-noel-en-ligne<\/li>\n<li>2024, Caf\u00e9, th\u00e9 ou Kombucha?, HS 09 &#8211; Fondation des Gardiens virtuels, https:\/\/baladoquebec.ca\/cafe-the-ou-kombucha-rencontre-avec-une-personne-unique\/hs-09-fondation-des-gardiens-virtuels<\/li>\n<li>2024, Actualit\u00e9s UQAM, Attention aux jeux mobiles pour enfants!, https:\/\/actualites.uqam.ca\/2024\/attention-aux-jeux-mobiles-pour-enfants\/<\/li>\n<li>2024, NEO UQTR, Sport \u00e9lectronique : deux charg\u00e9s de cours se distinguent!, https:\/\/neo.uqtr.ca\/2024\/10\/18\/sport-electronique-deux-charges-de-cours-se-distinguent\/<\/li>\n<li>2024, Radio-Canada, Collecte de fonds de la Fondation des Gardiens virtuels, https:\/\/ici.radio-canada.ca\/nouvelle\/2112033\/fondation-gardiens-virtuelles-collecte-fonds<\/li>\n<li>2024, \u00c9cran Partag\u00e9, Stream-O-Thon 2024 : La Fondation des Gardiens virtuels et le Lan JDL font \u00e9quipe pour soutenir le travail de rue num\u00e9rique, https:\/\/ecranpartage.ca\/stream-o-thon-2024-la-fondation-des-gardiens-virtuels-et-le-lan-jdl-font-equipe-pour-soutenir-le-travail-de-rue-numerique<\/li>\n<li>2024, P\u00e8se sur Start, Le Stream-O-Thon du Lan JDL est de retour, https:\/\/www.pesesurstart.com\/2024\/10\/07\/le-stream-o-thon-du-lan-jdl-est-de-retour<\/li>\n<li>2024, Radio-Canada, Point du jour, Les jeux vid\u00e9o\u2026 aux Olympiques\u2009? https:\/\/ici.radio-canada.ca\/ohdio\/premiere\/emissions\/point-du-jour\/segments\/rattrapage\/1834442\/jeux-olympiques-sports-electroniques-en-arabie-saoudite-en-2025<\/li>\n<li>2024, Canal M, M l&#8217;\u00e9t\u00e9, https:\/\/canalm.vuesetvoix.com\/m-lete-19-aout-2024\/<\/li>\n<li>2024, Radio-Canada, Le 15-18 : Du travail de rue num\u00e9rique pour contrer la violence en ligne, https:\/\/ici.radio-canada.ca\/ohdio\/premiere\/emissions\/le-15-18\/segments\/rattrapage\/504272\/travail-twitch-internet-jeunes-cyberviolence<\/li>\n<li>2024, NEO UQTR, La cyberd\u00e9pendance d\u00e9mystifi\u00e9e: une alliance entre des \u00e9tudiants et la Fondation des Gardiens virtuels, https:\/\/neo.uqtr.ca\/2024\/02\/21\/la-cyberdependance-demystifiee-une-alliance-entre-des-etudiants-et-la-fondation-des-gardiens-virtuels\/<\/li>\n<li>2024, 98,5, Un jeu sur iPhone fait l&#8217;apologie de l&#8217;automutilation et du suicide, https:\/\/www.985fm.ca\/audio\/606610\/un-jeu-sur-iphone-fait-l-apologie-de-l-automutilation-et-du-suicide<\/li>\n<li>2023, Geeks and Com, Un stream-o-thon pour une bonne cause du 6 au 8 octobre, https:\/\/www.geeksandcom.com\/un-stream-o-thon-pour-une-bonne-cause-du-6-au-8-octobre\/<\/li>\n<li>2023, Radio-Canada, L\u2019industrie du jeu vid\u00e9o en deuil de Karl Tremblay, https:\/\/ici.radio-canada.ca\/nouvelle\/2027438\/jeu-video-deuil-triple-boris-karl-tremblay<\/li>\n<li>2023, Radio-Canada, EA FC, le nouveau nom de ce succ\u00e8s mondial produit au Canada, https:\/\/ici.radio-canada.ca\/sports\/2013492\/ea-fc-jeu-video-electronic-arts-fifa-marc-aubanel<\/li>\n<li>2023, Radio-Canada, Baldur\u2019s Gate 3 devient le jeu PC le mieux not\u00e9 sur Metacritic, https:\/\/ici.radio-canada.ca\/nouvelle\/2003596\/baldurs-gate-3-jeu-pc-note-metacritic<\/li>\n<li>2023, \u00c9cran partag\u00e9, La Fondation des Gardiens virtuels et le Lan JDL s\u2019unissent pour le Stream-O-Thon 2023 !, https:\/\/ecranpartage.ca\/la-fondation-des-gardiens-virtuels-et-le-lan-jdl-sunissent-pour-le-stream-o-thon-2023\/<\/li>\n<li>2023, Radio-Canada, Le prochain Stream-O-Thon au profit de la Fondation des gardiens virtuels annonc\u00e9, https:\/\/ici.radio-canada.ca\/nouvelle\/2012855\/stream-o-thon-gardiens-virtuels-lan-jdl<\/li>\n<li>2023, RDS, NoReset Speedrun annonce un marathon au profit de la Fondation des Gardiens Virtuels<\/li>\n<li>2023, La Tribune, Quand les gameuses deviennent des cibles au-del\u00e0 du jeu, https:\/\/www.latribune.ca\/chroniques\/le-gamer\/2023\/07\/24\/chronique-gamer-quand-les-gameuses-deviennent-des-punching-bags-TVZKEKW2ORHDLDODWVWGCG72TQ\/<\/li>\n<li>2022, Actualit\u00e9s UQAM, Explosion de s\u00e9ries inspir\u00e9es par des jeux vid\u00e9o, https:\/\/actualites.uqam.ca\/2022\/explosion-de-series-inspirees-par-des-jeux-video\/<\/li>\n<li>2021, RAD, \u00c9mission Cobaye sur Twitch<\/li>\n<li>2021, Radio-Canada, Jouez (rapidement) aux jeux vid\u00e9o pour la bonne cause en ao\u00fbt, https:\/\/ici.radio-canada.ca\/nouvelle\/1902038\/sprint-video-marathon-noreset-speedrun-gardiens-virtuels<\/li>\n<li>2021, RDS, LAN JDL : un LAN pour la pr\u00e9vention du suicide<\/li>\n<li>2021, Radio-Canada, Un \u00ab stream-o-thon \u00bb pour la pr\u00e9vention du suicide, https:\/\/ici.radio-canada.ca\/nouvelle\/1830088\/stream-o-thon-prevention-suicide-gardiens-virtuels-lan-jdl<\/li>\n<li>2021, Pause ton \u00e9cran, De l\u2019aide est disponible si gamer devient un probl\u00e8me, https:\/\/pausetonecran.com\/de-laide-est-disponible-si-gamer-devient-un-probleme\/<\/li>\n<li>2021, P\u00e8se sur start, Les streameurs s\u2019unissent pour la pr\u00e9vention du suicide, https:\/\/www.pesesurstart.com\/2021\/10\/08\/les-streameurs-sunissent-pour-la-prevention-du-suicide<\/li>\n<li>2021, \u00c9cran partag\u00e9, Entrevue Fran\u00e7ois Savard, Entrepreneur et Consultant 9partie 2), https:\/\/ecranpartage.ca\/les-metiers-du-jeu-video-entrevue-francois-savard-entrepreneur-et-consultant-partie-2<\/li>\n<li>2021, Montr\u00e9al Campus, UQAM Gaming : une communaut\u00e9 qui prend de l\u2019ampleur, https:\/\/montrealcampus.ca\/2021\/10\/04\/uqam-gaming-une-communaute-qui-prend-de-lampleur\/<\/li>\n<li>2021, Radio-Canada, Les Gardiens virtuels, la fondation qui veille sur les adeptes de jeux vid\u00e9o en d\u00e9tresse, https:\/\/ici.radio-canada.ca\/nouvelle\/1802798\/gardiens-virtuels-jeux-video-discord-sentinelle-numerique-sante-mentale-fondation<\/li>\n<li>2021, CHAI 191.9 FM, Entrevue radio<\/li>\n<li>2021, \u00c9cran partag\u00e9, Entrevue Fran\u00e7ois Savard, Entrepreneur et Consultant, https:\/\/ecranpartage.ca\/entrevue-francois-savard-entrepreneur-et-consultant\/<\/li>\n<li>2020, Le Droit, Un boom de popularit\u00e9 pour le eSport en 2020, https:\/\/www.ledroit.com\/2021\/01\/09\/un-boom-de-popularite-pour-le-esport-en-2020-577e6adbde11c31e6329a244d8021ffe\/<\/li>\n<li>2020, RDS, Un nouvel outil de sensibilisation pour les gamers sur Discord<\/li>\n<li>2020, Le Citoyen, Une plateforme web pour la sant\u00e9 mentale des gamers, https:\/\/www.lecitoyenvaldoramos.com\/article\/2020\/08\/26\/une-plateforme-web-pour-la-sante-mentale-des-gamers<\/li>\n<li>2020, Journal de Qu\u00e9bec, Un nouvel outil de sensibilisation pour les gamers sur Discord, https:\/\/www.journaldequebec.com\/2020\/09\/01\/un-nouvel-outil-de-sensibilisation-pour-les-gamers-sur-discord<\/li>\n<li>2020, Journal de Montr\u00e9al, Un nouvel outil de sensibilisation pour les gamers sur Discord, https:\/\/www.journaldemontreal.com\/2020\/09\/01\/un-nouvel-outil-de-sensibilisation-pour-les-gamers-sur-discord<\/li>\n<li>2020, Jeux.ca, Discord comme outil de pr\u00e9vention et de sensibilisation pour les adeptes de jeux vid\u00e9o, https:\/\/jeux.ca\/discord-comme-outil-de-prevention-et-de-sensibilisation-pour-les-adeptes-de-jeux-video\/<\/li>\n<li>2020, Podcast communautaire de Crohix, Notre &#8221;Justicier Qu\u00e9b\u00e9cois du esport&#8221; Mr.Leonin, Francois Savard<\/li>\n<li>2020, Radio Talbot, https:\/\/www.twitch.tv\/videos\/729585590<\/li>\n<li>2020, Le Soleil, Quarantaine: jouer ensemble&#8230; sur Internet, https:\/\/www.lesoleil.com\/2020\/04\/02\/quarantaine-jouer-ensemble-sur-internet-da9a98aea8f47872f08676ce854e0b9c\/<\/li>\n<li>2020, Le Droit, Quarantaine: jouer ensemble&#8230; sur Internet, https:\/\/www.ledroit.com\/2020\/04\/02\/quarantaine-jouer-ensemble-sur-internet-da9a98aea8f47872f08676ce854e0b9c\/<\/li>\n<li>2020, La Voix de l\u2019Est, Quarantaine: jouer ensemble&#8230; sur Internet, https:\/\/www.lavoixdelest.ca\/2020\/04\/02\/quarantaine-jouer-ensemble-sur-internet-da9a98aea8f47872f08676ce854e0b9c\/<\/li>\n<li>2020, Le Droit, Les jeux vid\u00e9o pour contrer le d\u00e9crochage scolaire, https:\/\/www.ledroit.com\/2020\/03\/03\/les-jeux-video-pour-contrer-le-decrochage-scolaire-e49cc212ac832bd527592549b96d1997\/<\/li>\n<li>2020, Jeux.ca, Reconnecte-toi: un projet pilote de l\u2019Acad\u00e9mie Esports Canada et le Mouvement Desjardins pour motiver les jeunes \u00e0 rester \u00e0 l\u2019\u00e9cole gr\u00e2ce aux jeux vid\u00e9o, https:\/\/jeux.ca\/reconnecte-toi-un-projet-pilote-de-lacademie-esports-canada-et-le-mouvement-desjardins-pour-motiver-les-jeunes-a-rester-a-lecole-grace-aux-jeux-video\/<\/li>\n<li>2019, Jeux.ca, Exclusion en esports : Les Qu\u00e9b\u00e9cois priv\u00e9s de comp\u00e9tition sur Call of Duty https:\/\/jeux.ca\/exclusion-en-esports-les-quebecois-prives-de-competition-sur-call-of-duty\/<\/li>\n<li>2019, RDS, Tournoi NHL 20 de Caps Gaming : Les Qu\u00e9b\u00e9cois peuvent d\u00e9sormais participer<\/li>\n<li>2019, RDS, \u00abReconnecte-Toi!\u00bb \u2013 Le Mouvement Desjardins s\u2019associe \u00e0 AEC<\/li>\n<li>2019, RDS, Tournoi NHL 20 de Caps Gaming : les Qu\u00e9b\u00e9cois refus\u00e9s<\/li>\n<li>2019, Radio-Canada, Le sport \u00e9lectronique entre dans les \u00e9coles qu\u00e9b\u00e9coises, https:\/\/ici.radio-canada.ca\/nouvelle\/1249802\/encadrement-ecoles-fortnite-esports-quebec<\/li>\n<li>2019, RDS, La Call of Duty League exclut les Qu\u00e9b\u00e9cois<\/li>\n<li>2019, CBC, Esports program launches at Montreal high school for aspiring pro-gamers, https:\/\/www.cbc.ca\/news\/canada\/montreal\/esports-program-launches-at-montreal-high-school-for-aspiring-pro-gamers-1.4987114<\/li>\n<li>2018, CHOQ, Entrevue radion<\/li>\n<li>2018, RDS, La Fondation des Gardiens Virtuels contre la cyberintimidation, https:\/\/www.rds.ca\/videos\/plus\/esports\/la-fondation-des-gardiens-virtuels-contre-la-cyberintimidation-3.1335268<\/li>\n<li>2018, CISM 89,3 FM, Entrevue radio<\/li>\n<li>2018, RDS, Quand les trag\u00e9dies nous poussent \u00e0 agir, https:\/\/www.rds.ca\/esports\/quand-les-tragedies-nous-poussent-a-agir-1.6310307<\/li>\n<li>2018, Journal de Montr\u00e9al, Une explosion des sports \u00e9lectroniques \u00e0 pr\u00e9voir en 2018, https:\/\/www.journaldemontreal.com\/2018\/04\/02\/explosion-a-prevoir-en-2018<\/li>\n<li>2018, Radio-Canada, L\u2019Overwatch League \u00e0 l\u2019assaut du march\u00e9 des sports traditionnels, https:\/\/ici.radio-canada.ca\/nouvelle\/1077319\/overwatch-league-sports-electroniques-esports-blizzard-fqse<\/li>\n<li>2018, Journal de Montr\u00e9al, Les sports du futur, https:\/\/www.journaldemontreal.com\/2018\/04\/01\/les-sports-du-futur<\/li>\n<li>2017, Montr\u00e9al Campus, L\u2019\u00e9quipe de sports \u00e9lectroniques de l\u2019UQAM en qu\u00eate de reconnaissance, https:\/\/montrealcampus.ca\/2017\/04\/12\/lequipe-de-sports-electroniques-de-luqam-en-quete-de-reconnaissance\/<\/li>\n<li>2017, Radio-Canada, La popularit\u00e9 grandissante du jeu Overwatch, https:\/\/ici.radio-canada.ca\/nouvelle\/1025938\/popularite-grandissante-overwatch<\/li>\n<li>2017, Global News, eSports gamers battle against each other for cash prizes, bragging rights, https:\/\/globalnews.ca\/news\/3399753\/esports-gamers-battle-against-each-other-for-cash-prizes-bragging-rights\/<\/li>\n<li>2016, EGN, NAOEP &#8211; Leonin Savard, https:\/\/www.youtube.com\/watch?v=UeAf60Ng2Po<\/li>\n<\/ul>\n<p>[\/vc_column_text][\/vc_column][\/vc_row][\/vc_section]<\/p>\n<\/div>","protected":false},"excerpt":{"rendered":"<p>[vc_section full_width=&#8221;stretch_row&#8221; css=&#8221;.vc_custom_1685834739932{background-image: url(https:\/\/savard.work\/wp-content\/uploads\/2021\/09\/abstract-black.jpg?id=57833) !important;background-position: center !important;background-repeat: no-repeat !important;background-size: cover !important;}&#8221;][vc_row full_height=&#8221;yes&#8221; content_placement=&#8221;middle&#8221; css=&#8221;.vc_custom_1685835588484{margin-bottom: 0px !important;border-bottom-width: 0px !important;padding-bottom: 0px !important;}&#8221;][vc_column width=&#8221;1\/2&#8243;][vc_custom_heading text=&#8221;Press&#8221; font_container=&#8221;tag:h1|text_align:left|color:%23ffffff&#8221; use_theme_fonts=&#8221;yes&#8221; css=&#8221;.vc_custom_1685835426309{margin-bottom: 10px !important;}&#8221;][vc_custom_heading text=&#8221;My various projects have appeared in over 200 articles over the years. Here&#8217;s a small archive of those I&#8217;ve mentioned directly.&#8221; font_container=&#8221;tag:h4|text_align:left|color:%23ffffff&#8221; use_theme_fonts=&#8221;yes&#8221;][vc_custom_heading text=&#8221;If you&#8217;re a media company&hellip;<\/p>\n","protected":false},"author":1,"featured_media":0,"parent":0,"menu_order":0,"comment_status":"closed","ping_status":"closed","template":"","meta":{"footnotes":""},"class_list":["post-61619","page","type-page","status-publish","hentry","description-off"],"_links":{"self":[{"href":"https:\/\/leonin.ca\/en\/wp-json\/wp\/v2\/pages\/61619","targetHints":{"allow":["GET"]}}],"collection":[{"href":"https:\/\/leonin.ca\/en\/wp-json\/wp\/v2\/pages"}],"about":[{"href":"https:\/\/leonin.ca\/en\/wp-json\/wp\/v2\/types\/page"}],"author":[{"embeddable":true,"href":"https:\/\/leonin.ca\/en\/wp-json\/wp\/v2\/users\/1"}],"replies":[{"embeddable":true,"href":"https:\/\/leonin.ca\/en\/wp-json\/wp\/v2\/comments?post=61619"}],"version-history":[{"count":38,"href":"https:\/\/leonin.ca\/en\/wp-json\/wp\/v2\/pages\/61619\/revisions"}],"predecessor-version":[{"id":62962,"href":"https:\/\/leonin.ca\/en\/wp-json\/wp\/v2\/pages\/61619\/revisions\/62962"}],"wp:attachment":[{"href":"https:\/\/leonin.ca\/en\/wp-json\/wp\/v2\/media?parent=61619"}],"curies":[{"name":"wp","href":"https:\/\/api.w.org\/{rel}","templated":true}]}}